{"id":124,"date":"2023-11-30T08:24:50","date_gmt":"2023-11-30T07:24:50","guid":{"rendered":"http:\/\/localhost:8888\/vos\/?page_id=124"},"modified":"2023-12-08T06:21:16","modified_gmt":"2023-12-08T05:21:16","slug":"spolupracujeme","status":"publish","type":"page","link":"https:\/\/vajnorskyspolok.sk\/vos\/spolupracujeme\/","title":{"rendered":"Spolupracujeme"},"content":{"rendered":"\n<div class=\"wp-block-cover alignfull is-light\" style=\"padding-top:var(--wp--preset--spacing--30);padding-right:var(--wp--preset--spacing--30);padding-bottom:var(--wp--preset--spacing--30);padding-left:var(--wp--preset--spacing--30);min-height:50px;aspect-ratio:unset;\"><span aria-hidden=\"true\" class=\"wp-block-cover__background has-black-background-color has-background-dim\"><\/span><img loading=\"lazy\" decoding=\"async\" width=\"755\" height=\"504\" class=\"wp-block-cover__image-background wp-image-218\" alt=\"\" src=\"https:\/\/vajnorskyspolok.sk\/vos\/wp-content\/uploads\/2023\/12\/fotohrdlicka-4432.jpg\" style=\"object-position:56% 6%\" data-object-fit=\"cover\" data-object-position=\"56% 6%\" srcset=\"https:\/\/vajnorskyspolok.sk\/vos\/wp-content\/uploads\/2023\/12\/fotohrdlicka-4432.jpg 755w, https:\/\/vajnorskyspolok.sk\/vos\/wp-content\/uploads\/2023\/12\/fotohrdlicka-4432-300x200.jpg 300w\" sizes=\"auto, (max-width: 755px) 100vw, 755px\" \/><div class=\"wp-block-cover__inner-container is-layout-flow wp-block-cover-is-layout-flow\">\n<div style=\"height:123px\" aria-hidden=\"true\" class=\"wp-block-spacer\"><\/div>\n\n\n\n<div class=\"wp-block-group has-global-padding is-layout-constrained wp-block-group-is-layout-constrained\">\n<h1 class=\"wp-block-heading has-text-align-center has-base-2-color has-text-color has-link-color wp-elements-de99b7f75f476d04817bbcf6167a29a3\"><strong>Spolupracuje<\/strong>me<\/h1>\n<\/div>\n\n\n\n<div style=\"height:120px\" aria-hidden=\"true\" class=\"wp-block-spacer\"><\/div>\n<\/div><\/div>\n\n\n\n<div style=\"height:21px\" aria-hidden=\"true\" class=\"wp-block-spacer\"><\/div>\n\n\n\n<div class=\"wp-block-columns alignwide is-layout-flex wp-container-core-columns-is-layout-28f84493 wp-block-columns-is-layout-flex\">\n<div class=\"wp-block-column is-layout-flow wp-block-column-is-layout-flow\">\n<h5 class=\"wp-block-heading has-text-align-center\"><strong>M\u010c Bratislava-Vajnory<\/strong><\/h5>\n<\/div>\n\n\n\n<div class=\"wp-block-column is-layout-flow wp-block-column-is-layout-flow\">\n<h5 class=\"wp-block-heading has-text-align-center\"><strong>Po\u013enohospod\u00e1rske dru\u017estvo Vajnory<\/strong><\/h5>\n<\/div>\n\n\n\n<div class=\"wp-block-column is-layout-flow wp-block-column-is-layout-flow\">\n<h5 class=\"wp-block-heading has-text-align-center\"><strong>Vajnorsk\u00e1 dychovka<\/strong><\/h5>\n<\/div>\n<\/div>\n\n\n\n<div style=\"height:21px\" aria-hidden=\"true\" class=\"wp-block-spacer\"><\/div>\n\n\n\n<div class=\"wp-block-columns alignwide is-layout-flex wp-container-core-columns-is-layout-28f84493 wp-block-columns-is-layout-flex\">\n<div class=\"wp-block-column is-layout-flow wp-block-column-is-layout-flow\">\n<h5 class=\"wp-block-heading has-text-align-center\"><strong>Vin\u00e1re\u0148 pri kaplnke<\/strong><\/h5>\n<\/div>\n\n\n\n<div class=\"wp-block-column is-layout-flow wp-block-column-is-layout-flow\">\n<h5 class=\"wp-block-heading has-text-align-center\"><strong>Senior klub Vajnory<\/strong><\/h5>\n<\/div>\n\n\n\n<div class=\"wp-block-column is-layout-flow wp-block-column-is-layout-flow\">\n<h5 class=\"wp-block-heading has-text-align-center\"><strong>Folkl\u00f3rne r\u00e1dio JankoHra\u0161ko<\/strong><\/h5>\n<\/div>\n<\/div>\n\n\n\n<div style=\"height:21px\" aria-hidden=\"true\" class=\"wp-block-spacer\"><\/div>\n\n\n\n<div class=\"wp-block-columns alignwide is-layout-flex wp-container-core-columns-is-layout-28f84493 wp-block-columns-is-layout-flex\">\n<div class=\"wp-block-column is-layout-flow wp-block-column-is-layout-flow\">\n<h5 class=\"wp-block-heading has-text-align-center\"><strong>Po\u013eovn\u00edcke zdru\u017eenie Vajnory<\/strong><\/h5>\n<\/div>\n\n\n\n<div class=\"wp-block-column is-layout-flow wp-block-column-is-layout-flow\">\n<h5 class=\"wp-block-heading has-text-align-center\"><strong>Malokarpatsk\u00e1 v\u00ednna cesta<\/strong><\/h5>\n<\/div>\n\n\n\n<div class=\"wp-block-column is-layout-flow wp-block-column-is-layout-flow\">\n<h5 class=\"wp-block-heading has-text-align-center\"><strong>Podobenka z Vajnor<\/strong><\/h5>\n<\/div>\n<\/div>\n\n\n\n<div style=\"height:21px\" aria-hidden=\"true\" class=\"wp-block-spacer\"><\/div>\n\n\n\n<div class=\"wp-block-columns alignwide is-layout-flex wp-container-core-columns-is-layout-28f84493 wp-block-columns-is-layout-flex\">\n<div class=\"wp-block-column is-layout-flow wp-block-column-is-layout-flow\">\n<h5 class=\"wp-block-heading has-text-align-center\"><strong>VSV &#8211; Vajnorsk\u00fd vinohradn\u00edcky spolok<\/strong><\/h5>\n<\/div>\n\n\n\n<div class=\"wp-block-column is-layout-flow wp-block-column-is-layout-flow\">\n<h5 class=\"wp-block-heading has-text-align-center\"><strong>Via Vitis &#8211; vinohradn\u00edcky spolok<\/strong><\/h5>\n<\/div>\n\n\n\n<div class=\"wp-block-column is-layout-flow wp-block-column-is-layout-flow\">\n<h5 class=\"wp-block-heading has-text-align-center\"><\/h5>\n<\/div>\n<\/div>\n\n\n\n<div style=\"height:77px\" aria-hidden=\"true\" class=\"wp-block-spacer\"><\/div>\n","protected":false},"excerpt":{"rendered":"<p>M\u010c Bratislava-Vajnory Po\u013enohospod\u00e1rske dru\u017estvo Vajnory Vajnorsk\u00e1 dychovka Vin\u00e1re\u0148 pri kaplnke Senior klub Vajnory Folkl\u00f3rne r\u00e1dio JankoHra\u0161ko Po\u013eovn\u00edcke zdru\u017eenie Vajnory Malokarpatsk\u00e1 v\u00ednna cesta Podobenka z Vajnor VSV &#8211; Vajnorsk\u00fd vinohradn\u00edcky spolok Via Vitis &#8211; vinohradn\u00edcky spolok<\/p>\n","protected":false},"author":1,"featured_media":0,"parent":0,"menu_order":0,"comment_status":"closed","ping_status":"closed","template":"page-no-title","meta":{"ngg_post_thumbnail":0,"_themeisle_gutenberg_block_has_review":false,"_ti_tpc_template_sync":false,"_ti_tpc_template_id":"","footnotes":""},"class_list":["post-124","page","type-page","status-publish","hentry"],"_links":{"self":[{"href":"https:\/\/vajnorskyspolok.sk\/vos\/wp-json\/wp\/v2\/pages\/124","targetHints":{"allow":["GET"]}}],"collection":[{"href":"https:\/\/vajnorskyspolok.sk\/vos\/wp-json\/wp\/v2\/pages"}],"about":[{"href":"https:\/\/vajnorskyspolok.sk\/vos\/wp-json\/wp\/v2\/types\/page"}],"author":[{"embeddable":true,"href":"https:\/\/vajnorskyspolok.sk\/vos\/wp-json\/wp\/v2\/users\/1"}],"replies":[{"embeddable":true,"href":"https:\/\/vajnorskyspolok.sk\/vos\/wp-json\/wp\/v2\/comments?post=124"}],"version-history":[{"count":7,"href":"https:\/\/vajnorskyspolok.sk\/vos\/wp-json\/wp\/v2\/pages\/124\/revisions"}],"predecessor-version":[{"id":219,"href":"https:\/\/vajnorskyspolok.sk\/vos\/wp-json\/wp\/v2\/pages\/124\/revisions\/219"}],"wp:attachment":[{"href":"https:\/\/vajnorskyspolok.sk\/vos\/wp-json\/wp\/v2\/media?parent=124"}],"curies":[{"name":"wp","href":"https:\/\/api.w.org\/{rel}","templated":true}]}}